{"id":122,"date":"2018-10-24T22:00:34","date_gmt":"2018-10-24T20:00:34","guid":{"rendered":"http:\/\/test.brokamp-tec.de\/?page_id=122"},"modified":"2025-02-18T21:20:18","modified_gmt":"2025-02-18T20:20:18","slug":"ihre-ansprechpartner","status":"publish","type":"page","link":"https:\/\/www.brokamp-tec.de\/www\/wp\/ihre-ansprechpartner\/","title":{"rendered":"Ihre Ansprechpartner"},"content":{"rendered":"<h2>Gesch\u00e4ftsf\u00fchrung<\/h2>\n\n\n<p><\/p>\n\n\n\n<div class=\"wp-block-columns\">\n<div class=\"wp-block-column\">\n<p>Dipl.-Ing. Dipl.-Wirt.Ing.<strong><br>Rudolf Brokamp<\/strong><br>Gesch\u00e4ftsf\u00fchrer<\/p>\n\n\n\n<p>Tel. 02722 \/ 9365-0<br><a href=\"mailto:rudolf.brokamp@brokamp-tec.de\">rudolf.brokamp@brokamp-tec.de<\/a><\/p>\n<\/div>\n\n\n\n<div class=\"wp-block-column\">\n<div class=\"wp-block-image\"><figure class=\"aligncenter size-large\"><img loading=\"lazy\" width=\"150\" height=\"200\" src=\"https:\/\/www.brokamp-tec.de\/wp-content\/uploads\/2021\/04\/foto_rb20.png\" alt=\"\" class=\"wp-image-947\"\/><\/figure><\/div>\n<\/div>\n\n\n\n<div class=\"wp-block-column\"><\/div>\n<\/div>\n\n\n\n<h2>Vertrieb<\/h2>\n\n\n\n<p><\/p>\n\n\n\n<div class=\"wp-block-columns\">\n<div class=\"wp-block-column\">\n<p><strong>Frank Zenker<\/strong><br>Prokurist<br>Vertriebsleiter \/ Rohmaterialeinkauf<\/p>\n\n\n\n<p>Tel. 02722 \/ 93 65\u201314<br><a href=\"mailto:frank.zenker@brokamp-tec.de\">frank.zenker@brokamp-tec.de<\/a>&nbsp;<\/p>\n\n\n\n<p><\/p>\n<\/div>\n\n\n\n<div class=\"wp-block-column\">\n<div class=\"wp-block-image\"><figure class=\"aligncenter size-large\"><img loading=\"lazy\" width=\"150\" height=\"200\" src=\"https:\/\/www.brokamp-tec.de\/wp-content\/uploads\/2025\/02\/frank-1.png\" alt=\"\" class=\"wp-image-1451\"\/><\/figure><\/div>\n<\/div>\n\n\n\n<div class=\"wp-block-column\">\n<p><strong>Dr. Nadiia Dvornik<\/strong><br>Vertriebsassistentin<br><br><\/p>\n\n\n\n<p>Tel. 02722 \/ 93 65\u201329<br><a href=\"mailto:nadiia.dvornik@brokamp-tec.de\">nadiia.dvornik@brokamp-tec.de<\/a><\/p>\n<\/div>\n\n\n\n<div class=\"wp-block-column\">\n<div class=\"wp-block-image\"><figure class=\"aligncenter size-large\"><img loading=\"lazy\" width=\"150\" height=\"200\" src=\"https:\/\/www.brokamp-tec.de\/wp-content\/uploads\/2025\/02\/fotonadiia.png\" alt=\"\" class=\"wp-image-1428\"\/><\/figure><\/div>\n<\/div>\n<\/div>\n\n\n\n<div class=\"wp-block-columns\">\n<div class=\"wp-block-column\">\n<p><strong>Dorothee Soisson<\/strong><br>Vertriebsdisponentin<\/p>\n\n\n\n<p>Tel. 02722 \/ 93 65\u201328<br><a href=\"mailto:dorothee.soisson@brokamp-tec.de\">dorothee.soisson@brokamp-tec.de<\/a><\/p>\n<\/div>\n\n\n\n<div class=\"wp-block-column\">\n<div class=\"wp-block-image\"><figure class=\"aligncenter size-large\"><img loading=\"lazy\" width=\"150\" height=\"200\" src=\"https:\/\/www.brokamp-tec.de\/wp-content\/uploads\/2025\/02\/platz_w.png\" alt=\"\" class=\"wp-image-1431\"\/><\/figure><\/div>\n<\/div>\n\n\n\n<div class=\"wp-block-column\">\n<p><strong>Sabine Kaps<\/strong><br>Vertriebsdisponentin<\/p>\n\n\n\n<p>Tel. 02722 \/ 93 65\u201352<br><a href=\"mailto:sabine.kaps@brokamp-tec.de\">sabine.kaps@brokamp-tec.de<\/a><\/p>\n<\/div>\n\n\n\n<div class=\"wp-block-column\">\n<div class=\"wp-block-image\"><figure class=\"aligncenter size-large\"><img loading=\"lazy\" width=\"150\" height=\"200\" src=\"https:\/\/www.brokamp-tec.de\/wp-content\/uploads\/2025\/02\/platz_w.png\" alt=\"\" class=\"wp-image-1431\"\/><\/figure><\/div>\n<\/div>\n<\/div>\n\n\n\n<h2>Einkauf<\/h2>\n\n\n\n<p><\/p>\n\n\n\n<div class=\"wp-block-columns\">\n<div class=\"wp-block-column\">\n<p><strong>Dennis Chrapek<\/strong><br>Eink\u00e4ufer Hilfs- und Betriebsstoffe \/ Werkzeuge<\/p>\n\n\n\n<p>Tel. 02722 \/ 93 65\u201327<br><a href=\"mailto:dennis.chrapek@brokamp-tec.de\">dennis.chrapek@brokamp-tec.de<\/a><\/p>\n<\/div>\n\n\n\n<div class=\"wp-block-column\">\n<div class=\"wp-block-image\"><figure class=\"aligncenter size-large\"><img loading=\"lazy\" width=\"150\" height=\"200\" src=\"https:\/\/www.brokamp-tec.de\/wp-content\/uploads\/2025\/02\/platz_m.png\" alt=\"\" class=\"wp-image-1430\"\/><\/figure><\/div>\n<\/div>\n\n\n\n<div class=\"wp-block-column\"><\/div>\n<\/div>\n\n\n\n<h2>Projektierung &amp; Personalwesen<\/h2>\n\n\n\n<p><\/p>\n\n\n\n<div class=\"wp-block-columns\">\n<div class=\"wp-block-column\">\n<p><strong>Alexander Brokamp<\/strong><br>Projektierer &amp; Personalbeauftragter<\/p>\n\n\n\n<p>Tel. 02722 \/ 93 65\u201350<br><a href=\"mailto:alexander.brokamp@brokamp-tec.de\">alexander.brokamp@brokamp-tec.de<\/a><\/p>\n<\/div>\n\n\n\n<div class=\"wp-block-column\">\n<div class=\"wp-block-image\"><figure class=\"aligncenter size-large\"><img loading=\"lazy\" width=\"150\" height=\"200\" src=\"https:\/\/www.brokamp-tec.de\/wp-content\/uploads\/2021\/05\/fotoalex.png\" alt=\"\" class=\"wp-image-1130\"\/><\/figure><\/div>\n<\/div>\n\n\n\n<div class=\"wp-block-column\"><\/div>\n<\/div>\n\n\n\n<h2>Administration<\/h2>\n\n\n\n<p><\/p>\n\n\n\n<div class=\"wp-block-columns\">\n<div class=\"wp-block-column\">\n<p><strong>Hanna Kaplun<\/strong><br>Sachbearbeiterin <\/p>\n\n\n\n<p>Tel. 02722 \/ 9365-58<br><a href=\"mailto:hanna.kaplun@brokamp-tec.de\">hanna.kaplun@brokamp-tec.de<\/a><\/p>\n<\/div>\n\n\n\n<div class=\"wp-block-column\">\n<div class=\"wp-block-image\"><figure class=\"aligncenter size-large\"><img loading=\"lazy\" width=\"150\" height=\"200\" src=\"https:\/\/www.brokamp-tec.de\/wp-content\/uploads\/2025\/02\/fotohanna.png\" alt=\"\" class=\"wp-image-1427\"\/><\/figure><\/div>\n<\/div>\n\n\n\n<div class=\"wp-block-column\"><\/div>\n<\/div>\n\n\n\n<h2>Finanzbuchhaltung<\/h2>\n\n\n\n<p><\/p>\n\n\n\n<div class=\"wp-block-columns\">\n<div class=\"wp-block-column\">\n<p><strong>Sabine Brokamp<\/strong><br>Prokuristin<\/p>\n\n\n\n<p>Tel. 02722 \/ 9365-9<br><a href=\"mailto:sabine.brokamp@brokamp-tec.de\">sabine.brokamp@brokamp-tec.de<\/a><\/p>\n<\/div>\n\n\n\n<div class=\"wp-block-column\">\n<div class=\"wp-block-image\"><figure class=\"aligncenter size-large\"><img loading=\"lazy\" width=\"150\" height=\"200\" src=\"https:\/\/www.brokamp-tec.de\/wp-content\/uploads\/2021\/04\/DSC_1064_a_150.jpg\" alt=\"\" class=\"wp-image-999\"\/><\/figure><\/div>\n<\/div>\n\n\n\n<div class=\"wp-block-column\"><\/div>\n<\/div>\n\n\n\n<h2>Systemmanagement<\/h2>\n\n\n\n<p><\/p>\n\n\n\n<div class=\"wp-block-columns\">\n<div class=\"wp-block-column\">\n<p><strong>Christina Klein<\/strong><br>Managementsystembeauftragte<\/p>\n\n\n\n<p>Tel. 02722 \/ 9365-26&nbsp;<br><a href=\"mailto:christina.klein@brokamp-tec.de\">christina.klein@brokamp-tec.de<\/a><\/p>\n<\/div>\n\n\n\n<div class=\"wp-block-column\">\n<div class=\"wp-block-image\"><figure class=\"aligncenter size-large\"><img loading=\"lazy\" width=\"150\" height=\"200\" src=\"https:\/\/www.brokamp-tec.de\/wp-content\/uploads\/2021\/04\/bueropersonal_16_150.jpg\" alt=\"\" class=\"wp-image-1000\"\/><\/figure><\/div>\n<\/div>\n\n\n\n<div class=\"wp-block-column\"><\/div>\n<\/div>\n\n\n\n<h2>Qualit\u00e4tssicherung<\/h2>\n\n\n\n<p><\/p>\n\n\n\n<div class=\"wp-block-columns\">\n<div class=\"wp-block-column\">\n<p><strong>Ulrich Bock<\/strong><br>Qualit\u00e4tsbeauftragter<\/p>\n\n\n\n<p>Tel. 02722 \/ 93 65\u201321<br><a href=\"mailto:ulrich.bock@brokamp-tec.de\">ulrich.bock@brokamp-tec.de<\/a><\/p>\n<\/div>\n\n\n\n<div class=\"wp-block-column\">\n<div class=\"wp-block-image\"><figure class=\"aligncenter size-large\"><img loading=\"lazy\" width=\"330\" height=\"234\" src=\"https:\/\/www.brokamp-tec.de\/wp-content\/uploads\/2021\/04\/QS05_1_330.jpg\" alt=\"\" class=\"wp-image-1003\" srcset=\"https:\/\/www.brokamp-tec.de\/wp-content\/uploads\/2021\/04\/QS05_1_330.jpg 330w, https:\/\/www.brokamp-tec.de\/wp-content\/uploads\/2021\/04\/QS05_1_330-300x213.jpg 300w\" sizes=\"(max-width: 330px) 100vw, 330px\" \/><\/figure><\/div>\n<\/div>\n\n\n\n<div class=\"wp-block-column\">\n<p><strong>Thomas R\u00fcsche<\/strong><br>Qualit\u00e4tsbeauftragter<\/p>\n\n\n\n<p>Tel. 02722 \/ 93 65\u201321<br><a href=\"mailto:thomas.ruesche@brokamp-tec.de\">thomas.ruesche@brokamp-tec.de<\/a><\/p>\n<\/div>\n<\/div>\n\n\n\n<p><\/p>\n","protected":false},"excerpt":{"rendered":"<p>Gesch\u00e4ftsf\u00fchrung Dipl.-Ing. Dipl.-Wirt.Ing.Rudolf BrokampGesch\u00e4ftsf\u00fchrer Tel. 02722 \/ 9365-0rudolf.brokamp@brokamp-tec.de Vertrieb Frank ZenkerProkuristVertriebsleiter \/ Rohmaterialeinkauf Tel. 02722 \/ 93 65\u201314frank.zenker@brokamp-tec.de&nbsp; Dr. Nadiia [&hellip;]<\/p>\n","protected":false},"author":1,"featured_media":0,"parent":0,"menu_order":0,"comment_status":"closed","ping_status":"closed","template":"","meta":{"spay_email":""},"_links":{"self":[{"href":"https:\/\/www.brokamp-tec.de\/www\/wp\/wp-json\/wp\/v2\/pages\/122"}],"collection":[{"href":"https:\/\/www.brokamp-tec.de\/www\/wp\/wp-json\/wp\/v2\/pages"}],"about":[{"href":"https:\/\/www.brokamp-tec.de\/www\/wp\/wp-json\/wp\/v2\/types\/page"}],"author":[{"embeddable":true,"href":"https:\/\/www.brokamp-tec.de\/www\/wp\/wp-json\/wp\/v2\/users\/1"}],"replies":[{"embeddable":true,"href":"https:\/\/www.brokamp-tec.de\/www\/wp\/wp-json\/wp\/v2\/comments?post=122"}],"version-history":[{"count":43,"href":"https:\/\/www.brokamp-tec.de\/www\/wp\/wp-json\/wp\/v2\/pages\/122\/revisions"}],"predecessor-version":[{"id":1452,"href":"https:\/\/www.brokamp-tec.de\/www\/wp\/wp-json\/wp\/v2\/pages\/122\/revisions\/1452"}],"wp:attachment":[{"href":"https:\/\/www.brokamp-tec.de\/www\/wp\/wp-json\/wp\/v2\/media?parent=122"}],"curies":[{"name":"wp","href":"https:\/\/api.w.org\/{rel}","templated":true}]}}