{"id":52,"date":"2018-10-23T21:06:16","date_gmt":"2018-10-23T19:06:16","guid":{"rendered":"http:\/\/test.brokamp-tec.de\/?page_id=52"},"modified":"2025-04-03T12:00:42","modified_gmt":"2025-04-03T10:00:42","slug":"impressum","status":"publish","type":"page","link":"https:\/\/www.brokamp-tec.de\/www\/wp\/impressum\/","title":{"rendered":"Impressum"},"content":{"rendered":"<p><strong>Anbieter \/ Betreiber dieser Web Site \u2013 Angaben gem\u00e4\u00df \u00a7 5 DDG:<\/strong><\/p>\n<p><strong>Rudolf Brokamp GmbH &amp; Co.KG<\/strong><br \/>\nMilstenauer Stra\u00dfe 39<br \/>\nD-57439 Attendorn<\/p>\n<p><strong>Vertreten durch<\/strong><\/p>\n<p>Herrn Dipl.-Ing. Dipl.-Wirt.Ing. Rudolf Brokamp<br \/>\nMilstenauer Stra\u00dfe 39<br \/>\nD-57439 Attendorn<\/p>\n<p><strong>Kontakt<\/strong><br \/>\nTel. (0 27 22) 93 65-0<br \/>\nFax (0 27 22) 93 65-25<br \/>\nE-Mail: info@brokamp-tec.de<br \/>\nInternet: www.brokamp-tec.de<\/p>\n<p>Sitz: Attendorn \u2013 Handelsregister: Siegen HRA 7411<br \/>\n\u2013 Pers\u00f6nlich haftender Gesellschafter: Brokamp GmbH<\/p>\n<p>Sitz: Attendorn \u2013 Handelsregister: Siegen HRB 6897<br \/>\n\u2013 Gesch\u00e4ftsf\u00fchrer: Dipl.-Ing. Dipl.-Wirt.Ing. Rudolf Brokamp<\/p>\n<p>USt-ID: DE 126179866<\/p>\n<p><strong>Haftungsausschluss (Disclaimer)<\/strong><\/p>\n<p><strong>Haftung f\u00fcr Inhalte<\/strong><\/p>\n<p>Die Inhalte dieser Website wurden mit gr\u00f6\u00dftm\u00f6glicher Sorgfalt und nach bestem Wissen erstellt. Dennoch \u00fcbernehmen wir keine Gew\u00e4hr f\u00fcr die Richtigkeit, Vollst\u00e4ndigkeit und Aktualit\u00e4t der bereitgestellten Informationen.<\/p>\n<p>Als Diensteanbieter sind wir f\u00fcr eigene Inhalte auf diesen Seiten nach den allgemeinen Gesetzen verantwortlich. Wir sind jedoch nicht verpflichtet, \u00fcbermittelte oder gespeicherte fremde Informationen aktiv zu \u00fcberwachen oder nach Umst\u00e4nden zu forschen, die auf eine rechtswidrige T\u00e4tigkeit hinweisen.<\/p>\n<p>Verpflichtungen zur Entfernung oder Sperrung der Nutzung von Informationen nach den allgemeinen Gesetzen bleiben hiervon unber\u00fchrt. Eine diesbez\u00fcgliche Haftung ist jedoch erst ab dem Zeitpunkt der Kenntnis einer konkreten Rechtsverletzung m\u00f6glich. Sollten uns entsprechende Rechtsverletzungen bekannt werden, werden wir diese Inhalte umgehend entfernen.<\/p>\n<p><strong>Haftung f\u00fcr Links<\/strong><\/p>\n<p>Unser Angebot enth\u00e4lt Links zu externen Webseiten Dritter, auf deren Inhalte wir keinen Einfluss haben. Deshalb k\u00f6nnen wir f\u00fcr diese fremden Inhalte auch keine Gew\u00e4hr \u00fcbernehmen. F\u00fcr die Inhalte der verlinkten Seiten ist stets der jeweilige Anbieter oder Betreiber der Seiten verantwortlich. Die verlinkten Seiten wurden zum Zeitpunkt der Verlinkung auf m\u00f6gliche Rechtsverst\u00f6\u00dfe \u00fcberpr\u00fcft. Rechtswidrige Inhalte waren zum Zeitpunkt der Verlinkung nicht erkennbar. Eine permanente inhaltliche Kontrolle der verlinkten Seiten ist jedoch ohne konkrete Anhaltspunkte einer Rechtsverletzung nicht zumutbar. Bei Bekanntwerden von Rechtsverletzungen werden wir derartige Links umgehend entfernen.<\/p>\n<p><strong>Urheberrecht<\/strong><\/p>\n<p>Die durch die Seitenbetreiber erstellten Inhalte und Werke auf diesen Seiten unterliegen dem deutschen Urheberrecht. Die Vervielf\u00e4ltigung, Bearbeitung, Verbreitung und jede Art der Verwertung au\u00dferhalb der Grenzen des Urheberrechtes bed\u00fcrfen der schriftlichen Zustimmung des jeweiligen Autors bzw. Erstellers. Downloads und Kopien dieser Seite sind nur f\u00fcr den privaten, nicht kommerziellen Gebrauch gestattet. Soweit die Inhalte auf dieser Seite nicht vom Betreiber erstellt wurden, werden die Urheberrechte Dritter beachtet. Insbesondere werden Inhalte Dritter als solche gekennzeichnet. Sollten Sie trotzdem auf eine Urheberrechtsverletzung aufmerksam werden, bitten wir um einen entsprechenden Hinweis. Bei Bekanntwerden von Rechtsverletzungen werden wir derartige Inhalte umgehend entfernen.<\/p>\n","protected":false},"excerpt":{"rendered":"<p>Anbieter \/ Betreiber dieser Web Site \u2013 Angaben gem\u00e4\u00df \u00a7 5 DDG: Rudolf Brokamp GmbH &amp; Co.KG Milstenauer Stra\u00dfe 39 [&hellip;]<\/p>\n","protected":false},"author":1,"featured_media":0,"parent":0,"menu_order":0,"comment_status":"closed","ping_status":"closed","template":"","meta":{"spay_email":""},"_links":{"self":[{"href":"https:\/\/www.brokamp-tec.de\/www\/wp\/wp-json\/wp\/v2\/pages\/52"}],"collection":[{"href":"https:\/\/www.brokamp-tec.de\/www\/wp\/wp-json\/wp\/v2\/pages"}],"about":[{"href":"https:\/\/www.brokamp-tec.de\/www\/wp\/wp-json\/wp\/v2\/types\/page"}],"author":[{"embeddable":true,"href":"https:\/\/www.brokamp-tec.de\/www\/wp\/wp-json\/wp\/v2\/users\/1"}],"replies":[{"embeddable":true,"href":"https:\/\/www.brokamp-tec.de\/www\/wp\/wp-json\/wp\/v2\/comments?post=52"}],"version-history":[{"count":4,"href":"https:\/\/www.brokamp-tec.de\/www\/wp\/wp-json\/wp\/v2\/pages\/52\/revisions"}],"predecessor-version":[{"id":1465,"href":"https:\/\/www.brokamp-tec.de\/www\/wp\/wp-json\/wp\/v2\/pages\/52\/revisions\/1465"}],"wp:attachment":[{"href":"https:\/\/www.brokamp-tec.de\/www\/wp\/wp-json\/wp\/v2\/media?parent=52"}],"curies":[{"name":"wp","href":"https:\/\/api.w.org\/{rel}","templated":true}]}}