{"id":711,"date":"2017-01-02T08:28:52","date_gmt":"2017-01-02T08:28:52","guid":{"rendered":"https:\/\/demo.themegrill.com\/flash-default-2\/?page_id=5"},"modified":"2021-07-01T21:42:10","modified_gmt":"2021-07-01T19:42:10","slug":"home","status":"publish","type":"page","link":"https:\/\/www.brokamp-tec.de\/www\/wp\/","title":{"rendered":"Home"},"content":{"rendered":"<div id=\"pl-711\"  class=\"panel-layout\" ><div id=\"pg-711-0\"  class=\"panel-grid panel-has-style\" ><div class=\"siteorigin-panels-stretch panel-row-style panel-row-style-for-711-0\" data-stretch-type=\"full-stretched\" ><div id=\"pgc-711-0-0\"  class=\"panel-grid-cell\" ><div id=\"panel-711-0-0-0\" class=\"so-panel widget widget_themegrill_flash_slider tg-section tg-slider-widget panel-first-child panel-last-child\" data-index=\"0\" ><div class=\"tg-slider-widget tg-slider-widget-container slider-dark slider-content-center slider-control-center full-width \">\r\n\t<div class=\"tg-slider-container swiper-container\"\r\n\t     data-transition-autoplay=\"4000\"\r\n\t     data-autoplay=\"1\"\r\n\t     data-effect=\"slide\"\r\n\t     data-speed=\"1000\"\r\n\t     data-pause_on_hover=\"1\">\r\n\t\t<div class=\"swiper-wrapper\">\r\n\t\t\t\t\t\t\t\t\t<div class=\"swiper-slide\" data-imageLink = #>\r\n\t\t\t\t\t\t\t<figure class=\"slider-image\"\r\n\t\t\t\t\t\t\t        style=\"background-image: url( https:\/\/www.brokamp-tec.de\/wp-content\/uploads\/2021\/05\/produkte_slide-1.png );\">\r\n\t\t\t\t\t\t\t\t<img width=\"2000\" height=\"750\"\t\t\t\t\t\t\t\t\t\talt=\"PR\u00c4ZISIONSDREHTEILE\"\r\n\t\t\t\t\t\t\t\t\t\tsrc=\"https:\/\/www.brokamp-tec.de\/wp-content\/uploads\/2021\/05\/produkte_slide-1.png\"\r\n\t\t\t\t\t\t\t\t\t\ttitle=\"PR\u00c4ZISIONSDREHTEILE\" \/>\r\n\t\t\t\t\t\t\t\t<div class=\"overlay\"><\/div>\r\n\t\t\t\t\t\t\t<\/figure>\r\n\t\t\t\t\t\t\t<div class=\"slider-content\">\r\n\t\t\t\t\t\t\t\t<div class=\"tg-container\">\r\n\t\t\t\t\t\t\t\t\t\t\t\t\t\t\t\t\t\t\t<div class=\"caption-title\">PR\u00c4ZISIONSDREHTEILE<\/div>\r\n\t\t\t\t\t\t\t\t\t\t<div class=\"caption-desc\">VOM ZULIEFERER DER ELEKTRO- UND ELEKTRONIKINDUSTRIE<\/div>\r\n\t\t\t\t\t\t\t\t\t\t\t\t\t\t\t\t\t\t\t\t\t\t\t\t\t\t\t\t\t<div class=\"btn-wrapper\">\r\n\t\t\t\t\t\t\t\t\t\t\t\t\t\t\t\t\t\t\t\t\t\t\t<a href=\"https:\/\/www.brokamp-tec.de\/produkte\/\" >MEHR ERFAHREN<\/a>\r\n\t\t\t\t\t\t\t\t\t\t\t\t\t\t\t\t\t\t\t\t\t\t\t\t\t\t\t\t\t\t\t\t<\/div>\r\n\t\t\t\t\t\t\t\t\t\t\t\t\t\t\t\t\t<\/div>\r\n\t\t\t\t\t\t\t<\/div>\r\n\t\t\t\t\t\t<\/div>\r\n\t\t\t\t\t\t\t\t\t\t\t\t<div class=\"swiper-slide\" data-imageLink = #>\r\n\t\t\t\t\t\t\t<figure class=\"slider-image\"\r\n\t\t\t\t\t\t\t        style=\"background-image: url( https:\/\/www.brokamp-tec.de\/wp-content\/uploads\/2021\/04\/slide2.png );\">\r\n\t\t\t\t\t\t\t\t<img width=\"2000\" height=\"750\"\t\t\t\t\t\t\t\t\t\talt=\"QUALIT\u00c4T\"\r\n\t\t\t\t\t\t\t\t\t\tsrc=\"https:\/\/www.brokamp-tec.de\/wp-content\/uploads\/2021\/04\/slide2.png\"\r\n\t\t\t\t\t\t\t\t\t\ttitle=\"QUALIT\u00c4T\" \/>\r\n\t\t\t\t\t\t\t\t<div class=\"overlay\"><\/div>\r\n\t\t\t\t\t\t\t<\/figure>\r\n\t\t\t\t\t\t\t<div class=\"slider-content\">\r\n\t\t\t\t\t\t\t\t<div class=\"tg-container\">\r\n\t\t\t\t\t\t\t\t\t\t\t\t\t\t\t\t\t\t\t<div class=\"caption-title\">QUALIT\u00c4T<\/div>\r\n\t\t\t\t\t\t\t\t\t\t<div class=\"caption-desc\">KUNDENZUFRIEDENHEIT IST UNSER OBERSTES ZIEL<\/div>\r\n\t\t\t\t\t\t\t\t\t\t\t\t\t\t\t\t\t\t\t\t\t\t\t\t\t\t\t\t\t<div class=\"btn-wrapper\">\r\n\t\t\t\t\t\t\t\t\t\t\t\t\t\t\t\t\t\t\t\t\t\t\t<a href=\"https:\/\/www.brokamp-tec.de\/unternehmen\/qualitaetsmanagement\/\" >MEHR ERFAHREN<\/a>\r\n\t\t\t\t\t\t\t\t\t\t\t\t\t\t\t\t\t\t\t\t\t\t\t\t\t\t\t\t\t\t\t\t<\/div>\r\n\t\t\t\t\t\t\t\t\t\t\t\t\t\t\t\t\t<\/div>\r\n\t\t\t\t\t\t\t<\/div>\r\n\t\t\t\t\t\t<\/div>\r\n\t\t\t\t\t\t\t\t\t\t\t\t<div class=\"swiper-slide\" data-imageLink = #>\r\n\t\t\t\t\t\t\t<figure class=\"slider-image\"\r\n\t\t\t\t\t\t\t        style=\"background-image: url( https:\/\/www.brokamp-tec.de\/wp-content\/uploads\/2021\/04\/slide3.png );\">\r\n\t\t\t\t\t\t\t\t<img width=\"2000\" height=\"750\"\t\t\t\t\t\t\t\t\t\talt=\"ERFAHRUNG\"\r\n\t\t\t\t\t\t\t\t\t\tsrc=\"https:\/\/www.brokamp-tec.de\/wp-content\/uploads\/2021\/04\/slide3.png\"\r\n\t\t\t\t\t\t\t\t\t\ttitle=\"ERFAHRUNG\" \/>\r\n\t\t\t\t\t\t\t\t<div class=\"overlay\"><\/div>\r\n\t\t\t\t\t\t\t<\/figure>\r\n\t\t\t\t\t\t\t<div class=\"slider-content\">\r\n\t\t\t\t\t\t\t\t<div class=\"tg-container\">\r\n\t\t\t\t\t\t\t\t\t\t\t\t\t\t\t\t\t\t\t<div class=\"caption-title\">ERFAHRUNG<\/div>\r\n\t\t\t\t\t\t\t\t\t\t<div class=\"caption-desc\">\u00dcBER 75 JAHRE ERFAHRUNG IN DER FERTIGUNG VON PR\u00c4ZISIONSDREHTEILEN<\/div>\r\n\t\t\t\t\t\t\t\t\t\t\t\t\t\t\t\t\t\t\t\t\t\t\t\t\t\t\t\t\t<div class=\"btn-wrapper\">\r\n\t\t\t\t\t\t\t\t\t\t\t\t\t\t\t\t\t\t\t\t\t\t\t<a href=\"https:\/\/www.brokamp-tec.de\/unternehmen\/\" >MEHR ERFAHREN<\/a>\r\n\t\t\t\t\t\t\t\t\t\t\t\t\t\t\t\t\t\t\t\t\t\t\t\t\t\t\t\t\t\t\t\t<\/div>\r\n\t\t\t\t\t\t\t\t\t\t\t\t\t\t\t\t\t<\/div>\r\n\t\t\t\t\t\t\t<\/div>\r\n\t\t\t\t\t\t<\/div>\r\n\t\t\t\t\t\t\t\t<\/div>\r\n\t\t<div class=\"slider-arrow\">\r\n\t\t\t<div class=\"swiper-button-next\"><\/div>\r\n\t\t\t<div class=\"swiper-button-prev\"><\/div>\r\n\t\t<\/div>\r\n\r\n\t\t\t<\/div>\r\n\t<\/div>\r\n<\/div><\/div><\/div><\/div><div id=\"pg-711-1\"  class=\"panel-grid panel-has-style\" ><div data-overlay-opactity=\"1\" class=\"panel-row-style panel-row-style-for-711-1\" ><div id=\"pgc-711-1-0\"  class=\"panel-grid-cell\" ><div id=\"panel-711-1-0-0\" class=\"so-panel widget widget_themegrill_flash_service tg-widget tg-single-service panel-first-child panel-last-child\" data-index=\"1\" ><div class=\"flash_inherit_color panel-widget-style panel-widget-style-for-711-1-0-0\" ><div class=\"tg-service-widget tg-service-layout-2\">\r\n\t<div class=\"service-wrapper\">\r\n\t\t\t\t<div class=\"service-icon-title-wrapper\">\r\n\t\t\t\t\t\t\t\t\t\t<div class=\"service-icon-wrap\"><i class=\"fa fa-user\"><\/i><\/div>\r\n\t\t\t\t\t\t\t\t\t\t\t<\/div>\r\n\t\t\t\t\t\t\t\t\t\t<h3 class=\"service-title-wrap\">\r\n\t\t\t\t\t\t\t\t\t\t<a href=\"https:\/\/www.brokamp-tec.de\/ihre-ansprechpartner\/\">\r\n\t\t\t\t\t\tIhre Ansprechpartner\t\t\t\t\t\t\t\t\t\t\t<\/a>\r\n\t\t\t\t\t\t\t\t<\/h3>\r\n\t\t\t\t\t\t\t\t\t\t<div class=\"service-content-wrap\">Kontaktieren Sie uns.<\/div>\r\n\t\t\t\t\t\t\t\t\t\t<a class=\"service-more\" href=\"https:\/\/www.brokamp-tec.de\/ihre-ansprechpartner\/\">Zu den Ansprechpartnern<\/a>\r\n\t\t\t\t\t\t\t<\/div>\r\n<\/div>\r\n<\/div><\/div><\/div><div id=\"pgc-711-1-1\"  class=\"panel-grid-cell\" ><div id=\"panel-711-1-1-0\" class=\"so-panel widget widget_themegrill_flash_service tg-widget tg-single-service panel-first-child panel-last-child\" data-index=\"2\" ><div class=\"flash_inherit_color panel-widget-style panel-widget-style-for-711-1-1-0\" ><div class=\"tg-service-widget tg-service-layout-2\">\r\n\t<div class=\"service-wrapper\">\r\n\t\t\t\t<div class=\"service-icon-title-wrapper\">\r\n\t\t\t\t\t\t\t\t\t\t<div class=\"service-icon-wrap\"><i class=\"fa fa-industry\"><\/i><\/div>\r\n\t\t\t\t\t\t\t\t\t\t\t<\/div>\r\n\t\t\t\t\t\t\t\t\t\t<h3 class=\"service-title-wrap\">\r\n\t\t\t\t\t\t\t\t\t\t<a href=\"https:\/\/www.brokamp-tec.de\/produkte\/\">\r\n\t\t\t\t\t\tProduktion\t\t\t\t\t\t\t\t\t\t\t<\/a>\r\n\t\t\t\t\t\t\t\t<\/h3>\r\n\t\t\t\t\t\t\t\t\t\t<div class=\"service-content-wrap\">Wir zerspanen f\u00fcr Sie.<\/div>\r\n\t\t\t\t\t\t\t\t\t\t<a class=\"service-more\" href=\"https:\/\/www.brokamp-tec.de\/produkte\/\">Blick in die Fertigung<\/a>\r\n\t\t\t\t\t\t\t<\/div>\r\n<\/div>\r\n<\/div><\/div><\/div><div id=\"pgc-711-1-2\"  class=\"panel-grid-cell\" ><div id=\"panel-711-1-2-0\" class=\"so-panel widget widget_themegrill_flash_service tg-widget tg-single-service panel-first-child panel-last-child\" data-index=\"3\" ><div class=\"flash_inherit_color panel-widget-style panel-widget-style-for-711-1-2-0\" ><div class=\"tg-service-widget tg-service-layout-2\">\r\n\t<div class=\"service-wrapper\">\r\n\t\t\t\t<div class=\"service-icon-title-wrapper\">\r\n\t\t\t\t\t\t\t\t\t\t<div class=\"service-icon-wrap\"><i class=\"fa fa-check-circle\"><\/i><\/div>\r\n\t\t\t\t\t\t\t\t\t\t\t<\/div>\r\n\t\t\t\t\t\t\t\t\t\t<h3 class=\"service-title-wrap\">\r\n\t\t\t\t\t\t\t\t\t\t<a href=\"https:\/\/www.brokamp-tec.de\/unternehmen\/qualitaetsmanagement\/\">\r\n\t\t\t\t\t\tQualit\u00e4tsmanagement\t\t\t\t\t\t\t\t\t\t\t<\/a>\r\n\t\t\t\t\t\t\t\t<\/h3>\r\n\t\t\t\t\t\t\t\t\t\t<div class=\"service-content-wrap\">Kundenzufriedenheit ist unser Ziel.<\/div>\r\n\t\t\t\t\t\t\t\t\t\t<a class=\"service-more\" href=\"https:\/\/www.brokamp-tec.de\/unternehmen\/qualitaetsmanagement\/\">Erfahren Sie mehr<\/a>\r\n\t\t\t\t\t\t\t<\/div>\r\n<\/div>\r\n<\/div><\/div><\/div><div id=\"pgc-711-1-3\"  class=\"panel-grid-cell\" ><div id=\"panel-711-1-3-0\" class=\"so-panel widget widget_themegrill_flash_service tg-widget tg-single-service panel-first-child panel-last-child\" data-index=\"4\" ><div class=\"flash_inherit_color panel-widget-style panel-widget-style-for-711-1-3-0\" ><div class=\"tg-service-widget tg-service-layout-2\">\r\n\t<div class=\"service-wrapper\">\r\n\t\t\t\t<div class=\"service-icon-title-wrapper\">\r\n\t\t\t\t\t\t\t\t\t\t<div class=\"service-icon-wrap\"><i class=\"fa fa-briefcase\"><\/i><\/div>\r\n\t\t\t\t\t\t\t\t\t\t\t<\/div>\r\n\t\t\t\t\t\t\t\t\t\t<h3 class=\"service-title-wrap\">\r\n\t\t\t\t\t\t\t\t\t\t<a href=\"https:\/\/www.brokamp-tec.de\/unternehmen\/freie-stellen-ausbildung\/\">\r\n\t\t\t\t\t\tJobs\t\t\t\t\t\t\t\t\t\t\t<\/a>\r\n\t\t\t\t\t\t\t\t<\/h3>\r\n\t\t\t\t\t\t\t\t\t\t<div class=\"service-content-wrap\">Freie Stellen im Brokamp-Team.<\/div>\r\n\t\t\t\t\t\t\t\t\t\t<a class=\"service-more\" href=\"https:\/\/www.brokamp-tec.de\/unternehmen\/freie-stellen-ausbildung\/\">Jetzt bewerben<\/a>\r\n\t\t\t\t\t\t\t<\/div>\r\n<\/div>\r\n<\/div><\/div><\/div><\/div><\/div><div id=\"pg-711-2\"  class=\"panel-grid panel-has-style\" ><div class=\"siteorigin-panels-stretch panel-row-style panel-row-style-for-711-2\" data-stretch-type=\"full\" ><div id=\"pgc-711-2-0\"  class=\"panel-grid-cell\" ><div id=\"panel-711-2-0-0\" class=\"so-panel widget widget_themegrill_flash_heading tg-widget section-title-wrapper panel-first-child panel-last-child\" data-index=\"5\" >\t<div class=\"heading heading-center divider-without-icon heading-divider\">\r\n\t<h3 class=\"section-title\">Wir produzieren f\u00fcr Sie ...<\/h3>\r\n\t<div class=\"section-description\">Drehteile sowie andere Zeichnungsteile aus Messing-Profildr\u00e4hten f\u00fcr die Elektroindustrie und Elektronikindustrie. Sie finden unsere Klemmk\u00f6rper z. B. in L\u00fcsterklemmen, Schaltern, Steckvorrichtungen und anderen elektrotechnischen Anwendungen. Die wirtschaftliche Herstellung dieser Teile erfolgt nach Kundenvorgaben auf mehr als 95 technisch hochwertigen Schalttisch- bzw. Rundtaktmaschinen im zweischichtigen Betrieb. Auf diesen Maschinen werden j\u00e4hrlich bis zu 2000 t bleilegierte Messinge, vorrangig im \u00e4quivalenten Durchmesserbereich zwischen 3 mm und 12,5 mm, verarbeitet. Dar\u00fcber hinaus fertigen wir auf hochpr\u00e4zisen CNC-Maschinen kundenspezifische Produkte aus Aluminiumlegierungen sowie vereinzelt aus Automatenst\u00e4hlen, C-St\u00e4hlen und Edelst\u00e4hlen.<\/div>\r\n<\/div>\r\n<\/div><\/div><\/div><\/div><div id=\"pg-711-3\"  class=\"panel-grid panel-has-style\" ><div data-overlay-opactity=\"1\" class=\"panel-row-style panel-row-style-for-711-3\" ><div id=\"pgc-711-3-0\"  class=\"panel-grid-cell\" ><div id=\"panel-711-3-0-0\" class=\"so-panel widget widget_themegrill_flash_image tg-widget tg-image-widget panel-first-child panel-last-child\" data-index=\"6\" ><div class=\"produkte_start panel-widget-style panel-widget-style-for-711-3-0-0\" id=\"broki\" ><div class=\"tg-image-block\">\r\n\t\t\t<a href=\"https:\/\/www.brokamp-tec.de\/produkte\/geschlitzte-gefraeste-buchsen\/\"><img src=\"https:\/\/www.brokamp-tec.de\/wp-content\/uploads\/2021\/04\/produkte_geschlitztebuchsen.png\" alt=\"\" \/><\/a>\r\n\t\t\t\t<h3>Geschlitzte \/ Gefr\u00e4ste Buchsen<\/h3>\r\n\t<\/div>\r\n<\/div><\/div><\/div><div id=\"pgc-711-3-1\"  class=\"panel-grid-cell\" ><div id=\"panel-711-3-1-0\" class=\"so-panel widget widget_themegrill_flash_image tg-widget tg-image-widget panel-first-child panel-last-child\" data-index=\"7\" ><div class=\"tg-image-block\">\r\n\t\t\t<a href=\"https:\/\/www.brokamp-tec.de\/www\/wp\/produkte\/geraeumte-klemmen-raeumbuchsen\/\"><img src=\"https:\/\/www.brokamp-tec.de\/wp-content\/uploads\/2021\/04\/produkte_geraeumteklemmen.png\" alt=\"\" \/><\/a>\r\n\t\t\t\t<h3>Ger\u00e4umte Klemmen \/ R\u00e4umbuchsen<\/h3>\r\n\t<\/div>\r\n<\/div><\/div><div id=\"pgc-711-3-2\"  class=\"panel-grid-cell\" ><div id=\"panel-711-3-2-0\" class=\"so-panel widget widget_themegrill_flash_image tg-widget tg-image-widget panel-first-child panel-last-child\" data-index=\"8\" ><div class=\"tg-image-block\">\r\n\t\t\t<a href=\"https:\/\/www.brokamp-tec.de\/produkte\/luesterklemmeneinsaetze-luesterklemmenbolzen\/\"><img src=\"https:\/\/www.brokamp-tec.de\/wp-content\/uploads\/2021\/04\/produkte_luesterklemmeneins.png\" alt=\"\" \/><\/a>\r\n\t\t\t\t<h3>L\u00fcsterklemmeneins\u00e4tze \/ L\u00fcsterklemmenbolzen<\/h3>\r\n\t<\/div>\r\n<\/div><\/div><div id=\"pgc-711-3-3\"  class=\"panel-grid-cell\" ><div id=\"panel-711-3-3-0\" class=\"so-panel widget widget_themegrill_flash_image tg-widget tg-image-widget panel-first-child panel-last-child\" data-index=\"9\" ><div class=\"tg-image-block\">\r\n\t\t\t<a href=\"https:\/\/www.brokamp-tec.de\/produkte\/steckerbuchsen-steckerstifte-erdungsstifte\/\"><img src=\"https:\/\/www.brokamp-tec.de\/wp-content\/uploads\/2021\/04\/produkte_steckerbuchsen.png\" alt=\"\" \/><\/a>\r\n\t\t\t\t<h3>Steckerbuchsen \/ Steckerstifte \/ Erdungsstifte<\/h3>\r\n\t<\/div>\r\n<\/div><\/div><\/div><\/div><div id=\"pg-711-4\"  class=\"panel-grid panel-has-style\" ><div data-overlay-opactity=\"1\" class=\"panel-row-style panel-row-style-for-711-4\" ><div id=\"pgc-711-4-0\"  class=\"panel-grid-cell\" ><div id=\"panel-711-4-0-0\" class=\"so-panel widget widget_themegrill_flash_image tg-widget tg-image-widget panel-first-child panel-last-child\" data-index=\"10\" ><div class=\"tg-image-block\">\r\n\t\t\t<a href=\"https:\/\/www.brokamp-tec.de\/www\/wp\/produkte\/stecker-fuer-die-e-mobilitaet\/\"><img src=\"https:\/\/www.brokamp-tec.de\/wp-content\/uploads\/2021\/05\/d-scaled.jpg\" alt=\"\" \/><\/a>\r\n\t\t\t\t<h3>Stecker f\u00fcr die E-Mobilit\u00e4t<\/h3>\r\n\t<\/div>\r\n<\/div><\/div><div id=\"pgc-711-4-1\"  class=\"panel-grid-cell\" ><div id=\"panel-711-4-1-0\" class=\"so-panel widget widget_themegrill_flash_image tg-widget tg-image-widget panel-first-child panel-last-child\" data-index=\"11\" ><div class=\"tg-image-block\">\r\n\t\t\t<a href=\"https:\/\/www.brokamp-tec.de\/www\/wp\/produkte\/komplexe-kontaktteile\/\"><img src=\"https:\/\/www.brokamp-tec.de\/wp-content\/uploads\/2021\/05\/b-scaled.jpg\" alt=\"\" \/><\/a>\r\n\t\t\t\t<h3>Komplexe Kontaktteile<\/h3>\r\n\t<\/div>\r\n<\/div><\/div><\/div><\/div><div id=\"pg-711-5\"  class=\"panel-grid panel-has-style\" ><div data-overlay-opactity=\"1\" class=\"panel-row-style panel-row-style-for-711-5\" ><div id=\"pgc-711-5-0\"  class=\"panel-grid-cell\" ><div id=\"panel-711-5-0-0\" class=\"so-panel widget widget_themegrill_flash_image tg-widget tg-image-widget panel-first-child panel-last-child\" data-index=\"12\" ><div class=\"produkte_start panel-widget-style panel-widget-style-for-711-5-0-0\" ><div class=\"tg-image-block\">\r\n\t\t\t<a href=\"https:\/\/www.brokamp-tec.de\/www\/wp\/produkte\/loetbuchsen-loetstifte\/\"><img src=\"https:\/\/www.brokamp-tec.de\/wp-content\/uploads\/2021\/04\/produkte_loetbuchsen.png\" alt=\"\" \/><\/a>\r\n\t\t\t\t<h3>L\u00f6tbuchsen \/ L\u00f6tstifte<\/h3>\r\n\t<\/div>\r\n<\/div><\/div><\/div><div id=\"pgc-711-5-1\"  class=\"panel-grid-cell\" ><div id=\"panel-711-5-1-0\" class=\"so-panel widget widget_themegrill_flash_image tg-widget tg-image-widget panel-first-child panel-last-child\" data-index=\"13\" ><div class=\"tg-image-block\">\r\n\t\t\t<a href=\"https:\/\/www.brokamp-tec.de\/produkte\/kontaktbuchsen-kontaktstifte\/\"><img src=\"https:\/\/www.brokamp-tec.de\/wp-content\/uploads\/2021\/04\/produkte_kontaktbuchsen.png\" alt=\"\" \/><\/a>\r\n\t\t\t\t<h3>Kontaktbuchsen \/ Kontaktstifte<\/h3>\r\n\t<\/div>\r\n<\/div><\/div><div id=\"pgc-711-5-2\"  class=\"panel-grid-cell\" ><div id=\"panel-711-5-2-0\" class=\"so-panel widget widget_themegrill_flash_image tg-widget tg-image-widget panel-first-child panel-last-child\" data-index=\"14\" ><div class=\"tg-image-block\">\r\n\t\t\t<a href=\"https:\/\/www.brokamp-tec.de\/www\/wp\/produkte\/boerdelbuchsen-nietbuchsen\/\"><img src=\"https:\/\/www.brokamp-tec.de\/wp-content\/uploads\/2021\/04\/produkte_boerdelbuchsen.png\" alt=\"\" \/><\/a>\r\n\t\t\t\t<h3>B\u00f6rdelbuchsen \/ Nietbuchsen<\/h3>\r\n\t<\/div>\r\n<\/div><\/div><div id=\"pgc-711-5-3\"  class=\"panel-grid-cell\" ><div id=\"panel-711-5-3-0\" class=\"so-panel widget widget_themegrill_flash_image tg-widget tg-image-widget panel-first-child panel-last-child\" data-index=\"15\" ><div class=\"tg-image-block\">\r\n\t\t\t<a href=\"https:\/\/www.brokamp-tec.de\/www\/wp\/produkte\/anschluss-und-schraubklemmen\/\"><img src=\"https:\/\/www.brokamp-tec.de\/wp-content\/uploads\/2021\/04\/produkte_anschlussklemmen.png\" alt=\"\" \/><\/a>\r\n\t\t\t\t<h3>Anschluss- \/ Schraubklemmen<\/h3>\r\n\t<\/div>\r\n<\/div><\/div><\/div><\/div><div id=\"pg-711-6\"  class=\"panel-grid panel-has-style\" ><div class=\"so-parallax siteorigin-panels-stretch panel-row-style panel-row-style-for-711-6\" data-stretch-type=\"full\" data-overlay-opactity=\"1\" ><img width=\"2500\" height=\"1663\" src=\"https:\/\/www.brokamp-tec.de\/wp-content\/uploads\/2021\/05\/Fertigteile-Beschraubt.png\" class=\"attachment-full size-full\" alt=\"\" loading=\"eager\" data-siteorigin-parallax=\"true\" srcset=\"https:\/\/www.brokamp-tec.de\/wp-content\/uploads\/2021\/05\/Fertigteile-Beschraubt.png 2500w, https:\/\/www.brokamp-tec.de\/wp-content\/uploads\/2021\/05\/Fertigteile-Beschraubt-300x200.png 300w, https:\/\/www.brokamp-tec.de\/wp-content\/uploads\/2021\/05\/Fertigteile-Beschraubt-1024x681.png 1024w, https:\/\/www.brokamp-tec.de\/wp-content\/uploads\/2021\/05\/Fertigteile-Beschraubt-768x511.png 768w, https:\/\/www.brokamp-tec.de\/wp-content\/uploads\/2021\/05\/Fertigteile-Beschraubt-1536x1022.png 1536w, https:\/\/www.brokamp-tec.de\/wp-content\/uploads\/2021\/05\/Fertigteile-Beschraubt-2048x1362.png 2048w, https:\/\/www.brokamp-tec.de\/wp-content\/uploads\/2021\/05\/Fertigteile-Beschraubt-600x399.png 600w\" sizes=\"(max-width: 2500px) 100vw, 2500px\" \/><div id=\"pgc-711-6-0\"  class=\"panel-grid-cell\" ><div id=\"panel-711-6-0-0\" class=\"so-panel widget widget_themegrill_flash_counter tg-widget tg-single-counter panel-first-child panel-last-child\" data-index=\"16\" ><div class=\"flash_inherit_color panel-widget-style panel-widget-style-for-711-6-0-0\" ><div class=\"fun-facts-section\">\r\n\t<div class=\"tg-fun-facts-widget tg-fun-facts-layout-2\">\r\n\t\t<div class=\"fun-facts-wrapper\">\r\n\t\t\t\t\t\t<div class=\"fun-facts-icon-number-wrapper\">\r\n\t\t\t\t\t\t\t\t\t<span class=\"fun-facts-icon-wrap\"><i class=\"fa fa-users\"><\/i><\/span>\r\n\t\t\t\t\t\t\t\t\t<span class=\"counter-wrapper\">\r\n\t\t\t\t\t\t<span class=\"counter\">60<\/span>\t\t\t\t<i class=\"suffix\">+<\/i>\r\n\t\t\t<\/span>\r\n\t\t\t\t\t\t\t\t\t<\/div>\r\n\t\t\t\t\t\t\t\t\t<h3 class=\"fun-facts-title-wrap\">motivierte Mitarbeiterinnen und Mitarbeiter<\/h3>\r\n\t\t\t\t\t<\/div>\r\n\t<\/div>\r\n<\/div>\r\n<\/div><\/div><\/div><div id=\"pgc-711-6-1\"  class=\"panel-grid-cell\" ><div id=\"panel-711-6-1-0\" class=\"so-panel widget widget_themegrill_flash_counter tg-widget tg-single-counter panel-first-child panel-last-child\" data-index=\"17\" ><div class=\"flash_inherit_color panel-widget-style panel-widget-style-for-711-6-1-0\" ><div class=\"fun-facts-section\">\r\n\t<div class=\"tg-fun-facts-widget tg-fun-facts-layout-2\">\r\n\t\t<div class=\"fun-facts-wrapper\">\r\n\t\t\t\t\t\t<div class=\"fun-facts-icon-number-wrapper\">\r\n\t\t\t\t\t\t\t\t\t<span class=\"fun-facts-icon-wrap\"><i class=\"fa fa-history\"><\/i><\/span>\r\n\t\t\t\t\t\t\t\t\t<span class=\"counter-wrapper\">\r\n\t\t\t\t\t\t<span class=\"counter\">75<\/span>\t\t\t\t<i class=\"suffix\">+<\/i>\r\n\t\t\t<\/span>\r\n\t\t\t\t\t\t\t\t\t<\/div>\r\n\t\t\t\t\t\t\t\t\t<h3 class=\"fun-facts-title-wrap\">Jahre Erfahrung<\/h3>\r\n\t\t\t\t\t<\/div>\r\n\t<\/div>\r\n<\/div>\r\n<\/div><\/div><\/div><div id=\"pgc-711-6-2\"  class=\"panel-grid-cell\" ><div id=\"panel-711-6-2-0\" class=\"so-panel widget widget_themegrill_flash_counter tg-widget tg-single-counter panel-first-child panel-last-child\" data-index=\"18\" ><div class=\"flash_inherit_color panel-widget-style panel-widget-style-for-711-6-2-0\" ><div class=\"fun-facts-section\">\r\n\t<div class=\"tg-fun-facts-widget tg-fun-facts-layout-2\">\r\n\t\t<div class=\"fun-facts-wrapper\">\r\n\t\t\t\t\t\t<div class=\"fun-facts-icon-number-wrapper\">\r\n\t\t\t\t\t\t\t\t\t<span class=\"fun-facts-icon-wrap\"><i class=\"fa fa-cogs\"><\/i><\/span>\r\n\t\t\t\t\t\t\t\t\t<span class=\"counter-wrapper\">\r\n\t\t\t\t\t\t<span class=\"counter\">100<\/span>\t\t\t\t<i class=\"suffix\">+<\/i>\r\n\t\t\t<\/span>\r\n\t\t\t\t\t\t\t\t\t<\/div>\r\n\t\t\t\t\t\t\t\t\t<h3 class=\"fun-facts-title-wrap\">Maschinen<\/h3>\r\n\t\t\t\t\t<\/div>\r\n\t<\/div>\r\n<\/div>\r\n<\/div><\/div><\/div><\/div><\/div><\/div>","protected":false},"excerpt":{"rendered":"<p>PR\u00c4ZISIONSDREHTEILE VOM ZULIEFERER DER ELEKTRO- UND ELEKTRONIKINDUSTRIE MEHR ERFAHREN QUALIT\u00c4T KUNDENZUFRIEDENHEIT IST UNSER OBERSTES ZIEL MEHR ERFAHREN ERFAHRUNG \u00dcBER 75 [&hellip;]<\/p>\n","protected":false},"author":1,"featured_media":0,"parent":0,"menu_order":0,"comment_status":"closed","ping_status":"closed","template":"page-templates\/pagebuilder.php","meta":{"spay_email":""},"_links":{"self":[{"href":"https:\/\/www.brokamp-tec.de\/www\/wp\/wp-json\/wp\/v2\/pages\/711"}],"collection":[{"href":"https:\/\/www.brokamp-tec.de\/www\/wp\/wp-json\/wp\/v2\/pages"}],"about":[{"href":"https:\/\/www.brokamp-tec.de\/www\/wp\/wp-json\/wp\/v2\/types\/page"}],"author":[{"embeddable":true,"href":"https:\/\/www.brokamp-tec.de\/www\/wp\/wp-json\/wp\/v2\/users\/1"}],"replies":[{"embeddable":true,"href":"https:\/\/www.brokamp-tec.de\/www\/wp\/wp-json\/wp\/v2\/comments?post=711"}],"version-history":[{"count":137,"href":"https:\/\/www.brokamp-tec.de\/www\/wp\/wp-json\/wp\/v2\/pages\/711\/revisions"}],"predecessor-version":[{"id":1364,"href":"https:\/\/www.brokamp-tec.de\/www\/wp\/wp-json\/wp\/v2\/pages\/711\/revisions\/1364"}],"wp:attachment":[{"href":"https:\/\/www.brokamp-tec.de\/www\/wp\/wp-json\/wp\/v2\/media?parent=711"}],"curies":[{"name":"wp","href":"https:\/\/api.w.org\/{rel}","templated":true}]}}